{"id":17,"date":"2011-11-15T10:29:25","date_gmt":"2011-11-15T09:29:25","guid":{"rendered":"http:\/\/fiedermann.de\/wordpress\/aikido\/?page_id=17"},"modified":"2014-09-23T12:47:43","modified_gmt":"2014-09-23T11:47:43","slug":"wann-und-wo","status":"publish","type":"page","link":"http:\/\/fiedermann.de\/wordpress\/aikido\/wann-und-wo\/","title":{"rendered":"Wann und Wo?"},"content":{"rendered":"<p>Ge\u00fcbt wird:<br \/>\nMontag \u00a0 \u00a0 \u00a0 \u00a0 18:30 bis 20:30; auch f\u00fcr Anf\u00e4nger<\/p>\n<p>Mittwoch \u00a0 \u00a0 \u00a0 16:00 bis 17:30 \u00a0Kindergruppe, Anmeldung notwendig.<strong>\u00a0<\/strong><\/p>\n<p>Donnerstag \u00a018:00 bis 20:00; auch Jo u. Bokken<\/p>\n<p>Freitag \u00a0 \u00a0 \u00a0 \u00a0 \u00a018:00 bis 20:00, freies Training f\u00fcr Erwachsene (nach Vereinbarung)<\/p>\n<p>Umkleiden und Dojo sind ab etwa 15 min vor \u00dcbungsbeginn ge\u00f6ffnet, damit wir <strong>p\u00fcnktlich beginnen<\/strong> k\u00f6nnen.<\/p>\n<p>Unser Dojo ist im &#8222;Haus des Sports Marzahn Hellersdorf&#8220; Eisenacher Str. 121, 12685 Berlin, im 2. OG.<\/p>\n<p><iframe loading=\"lazy\" src=\"http:\/\/maps.google.com\/maps?client=opera&amp;q=eisenacher+str.+121+berlin&amp;oe=utf-8&amp;ie=UTF8&amp;split=0&amp;ei=0X1ASvaeJoOlsAbx0JmhBg&amp;ll=52.54734,13.576612&amp;spn=0.018268,0.036478&amp;z=14&amp;iwloc=A&amp;output=embed\" width=\"425\" height=\"350\" frameborder=\"0\" marginwidth=\"0\" marginheight=\"0\" scrolling=\"no\"><\/iframe><br \/>\n<small><a style=\"color: #0000ff; text-align: left;\" href=\"http:\/\/maps.google.com\/maps?client=opera&amp;q=eisenacher+str.+121+berlin&amp;oe=utf-8&amp;ie=UTF8&amp;split=0&amp;ei=0X1ASvaeJoOlsAbx0JmhBg&amp;ll=52.54734,13.576612&amp;spn=0.018268,0.036478&amp;z=14&amp;iwloc=A&amp;source=embed\">Gr\u00f6\u00dfere Kartenansicht<\/a><\/small><\/p>\n<p>Besucher, auch aus anderen Dojos, sind gern gesehen.<\/p>\n<p>Einfach vorbeischauen und bequeme Sachen mitbringen.<\/p>\n<p>Kostenlose Probestunde(n) m\u00f6glich.<\/p>\n<p>Wer Interesse oder Fragen hat, kann einfach vorbeikommen.<\/p>\n<p>Unsere Mitgliedsbeitr\u00e4ge seit 1.01.2004 unver\u00e4ndert (!):<\/p>\n<p>* bis 18 Jahre &#8211;&gt; 8,50 EUR monatlich<br \/>\n* ab 18 Jahre erm\u00e4\u00dfigt (Studenten, Sch\u00fcler, etc.) &#8211;&gt; 11,00 monatlich<br \/>\n* ab 18 Jahre &#8211;&gt; 13,50 EUR monatlich<\/p>\n<p>Zahlweise der Beitr\u00e4ge ist halbj\u00e4hrlich. Aufnahmegeb\u00fchr einmalig 20 EUR.<\/p>\n","protected":false},"excerpt":{"rendered":"<p>Ge\u00fcbt wird: Montag \u00a0 \u00a0 \u00a0 \u00a0 18:30 bis 20:30; auch f\u00fcr Anf\u00e4nger Mittwoch \u00a0 \u00a0 \u00a0 16:00 bis 17:30 \u00a0Kindergruppe, Anmeldung notwendig.\u00a0 Donnerstag \u00a018:00 bis 20:00; auch Jo u. Bokken Freitag \u00a0 \u00a0 \u00a0 \u00a0 \u00a018:00 bis 20:00, freies &hellip; <a href=\"http:\/\/fiedermann.de\/wordpress\/aikido\/wann-und-wo\/\">Weiterlesen <span class=\"meta-nav\">&rarr;<\/span><\/a><\/p>\n","protected":false},"author":755,"featured_media":0,"parent":0,"menu_order":0,"comment_status":"open","ping_status":"open","template":"","meta":{"footnotes":""},"class_list":["post-17","page","type-page","status-publish","hentry"],"_links":{"self":[{"href":"http:\/\/fiedermann.de\/wordpress\/aikido\/wp-json\/wp\/v2\/pages\/17","targetHints":{"allow":["GET"]}}],"collection":[{"href":"http:\/\/fiedermann.de\/wordpress\/aikido\/wp-json\/wp\/v2\/pages"}],"about":[{"href":"http:\/\/fiedermann.de\/wordpress\/aikido\/wp-json\/wp\/v2\/types\/page"}],"author":[{"embeddable":true,"href":"http:\/\/fiedermann.de\/wordpress\/aikido\/wp-json\/wp\/v2\/users\/755"}],"replies":[{"embeddable":true,"href":"http:\/\/fiedermann.de\/wordpress\/aikido\/wp-json\/wp\/v2\/comments?post=17"}],"version-history":[{"count":17,"href":"http:\/\/fiedermann.de\/wordpress\/aikido\/wp-json\/wp\/v2\/pages\/17\/revisions"}],"predecessor-version":[{"id":313,"href":"http:\/\/fiedermann.de\/wordpress\/aikido\/wp-json\/wp\/v2\/pages\/17\/revisions\/313"}],"wp:attachment":[{"href":"http:\/\/fiedermann.de\/wordpress\/aikido\/wp-json\/wp\/v2\/media?parent=17"}],"curies":[{"name":"wp","href":"https:\/\/api.w.org\/{rel}","templated":true}]}}