{"id":2,"date":"2012-02-11T13:01:36","date_gmt":"2012-02-11T13:01:36","guid":{"rendered":"http:\/\/fiedermann.de\/wordpress\/dvd\/?page_id=2"},"modified":"2012-02-19T19:42:18","modified_gmt":"2012-02-19T19:42:18","slug":"uber","status":"publish","type":"page","link":"http:\/\/fiedermann.de\/wordpress\/dvd\/uber\/","title":{"rendered":"\u00dcber das DVD-Set"},"content":{"rendered":"<p><strong>2 DVDs, 44 S. Booklet mit Liste aller Tsuzuki Waza. Gesamtlaufzeit: 165 Minuten Preis: \u00a0EUR 22,00<\/strong><\/p>\n<p>Alle Techniken des (Ki-) Aikido aus drei Perspektiven, mehr als 2 1\/2 Stunden \u00a0Video!<\/p>\n<p>Dazu\u00a0 ein 44seitiges Booklet mit einem Vorwort und einer kurzen Biografie von Michael Winter sowie eine vollst\u00e4ndige Liste aller Tsuzuki Waza.<\/p>\n<p>Aus verschiedenen Perspektiven werden alle 30 Tsuzuki Waza nach dem aktuellen Stand (Fr\u00fchjahr 2011) von Michael Winter gezeigt.<br \/>\nZu sehen sind also <strong>alle waffenlosen Techniken<\/strong> sowie die Techniken mit <strong>Jo<\/strong>(Stock), <strong>Bokken<\/strong>(Schwert) und <strong>Tanto<\/strong>(Messer) des Aikido, wie es nach Yoshigasaki Sensei von Michael Winter unterrichtet wird.<br \/>\nMichael Winter ist Tr\u00e4ger des 5.Dan und der h\u00f6chst graduierter Sch\u00fcler von Yoshigasaki Sensei in Deutschland.<\/p>\n<p>Mit ihm zu sehen sind einige seiner fortgeschrittenen Sch\u00fcler aus Dojos in Deutschland und Polen, meist selbst Lehrer und Dojoleiter.<\/p>\n<p>To be seen from different angles Michael Winter demonstrates all of the Tsuzuki Waza, performed in order to the actual state (spring 2011).<br \/>\nYou can see the Taijutsu techniques as well as techniques with Jo(stick), Bokken(sword) and Tanto(knife) of the aikido, teached by Michael Winter (who is following Yoshigasaki Sensei).<br \/>\nMichael Winter holds the rank of 5th Dan. He is the highest ranked student of Yoshigasaki Sensei in Germany.<br \/>\nTo see with him are some of his students. Most of them are teachers by themself, in several dojos in Germany and Poland.<\/p>\n","protected":false},"excerpt":{"rendered":"<p>2 DVDs, 44 S. Booklet mit Liste aller Tsuzuki Waza. Gesamtlaufzeit: 165 Minuten Preis: \u00a0EUR 22,00 Alle Techniken des (Ki-) Aikido aus drei Perspektiven, mehr als 2 1\/2 Stunden \u00a0Video! Dazu\u00a0 ein 44seitiges Booklet mit einem Vorwort und einer kurzen &hellip; <a href=\"http:\/\/fiedermann.de\/wordpress\/dvd\/uber\/\">Weiterlesen <span class=\"meta-nav\">&rarr;<\/span><\/a><\/p>\n","protected":false},"author":755,"featured_media":0,"parent":0,"menu_order":0,"comment_status":"closed","ping_status":"open","template":"","meta":{"footnotes":""},"class_list":["post-2","page","type-page","status-publish","hentry"],"_links":{"self":[{"href":"http:\/\/fiedermann.de\/wordpress\/dvd\/wp-json\/wp\/v2\/pages\/2","targetHints":{"allow":["GET"]}}],"collection":[{"href":"http:\/\/fiedermann.de\/wordpress\/dvd\/wp-json\/wp\/v2\/pages"}],"about":[{"href":"http:\/\/fiedermann.de\/wordpress\/dvd\/wp-json\/wp\/v2\/types\/page"}],"author":[{"embeddable":true,"href":"http:\/\/fiedermann.de\/wordpress\/dvd\/wp-json\/wp\/v2\/users\/755"}],"replies":[{"embeddable":true,"href":"http:\/\/fiedermann.de\/wordpress\/dvd\/wp-json\/wp\/v2\/comments?post=2"}],"version-history":[{"count":10,"href":"http:\/\/fiedermann.de\/wordpress\/dvd\/wp-json\/wp\/v2\/pages\/2\/revisions"}],"predecessor-version":[{"id":68,"href":"http:\/\/fiedermann.de\/wordpress\/dvd\/wp-json\/wp\/v2\/pages\/2\/revisions\/68"}],"wp:attachment":[{"href":"http:\/\/fiedermann.de\/wordpress\/dvd\/wp-json\/wp\/v2\/media?parent=2"}],"curies":[{"name":"wp","href":"https:\/\/api.w.org\/{rel}","templated":true}]}}