{"id":30,"date":"2012-02-11T14:16:47","date_gmt":"2012-02-11T14:16:47","guid":{"rendered":"http:\/\/fiedermann.de\/wordpress\/dvd\/?page_id=30"},"modified":"2012-02-19T19:42:18","modified_gmt":"2012-02-19T19:42:18","slug":"bezugsmoglichkeiten","status":"publish","type":"page","link":"http:\/\/fiedermann.de\/wordpress\/dvd\/bezugsmoglichkeiten\/","title":{"rendered":"Bezugsm\u00f6glichkeiten"},"content":{"rendered":"<p>Das DVD-Set ist \u00fcber das Barsortiment Libri f\u00fcr faktisch jede Buchhandlung besorgbar. Die Angabe der ISBN 0609132769382 erleichtert dem Buchh\u00e4ndler die Recherche \ud83d\ude09<\/p>\n<p>Einzelne DVD-Sets bitte \u00fcber Amazon.de \u00a0<a href=\"http:\/\/www.amazon.de\/gp\/product\/B005OL9RBI\/ref=as_li_ss_tl?ie=UTF8&amp;tag=maikfiedermaausw&amp;linkCode=as2&amp;camp=1638&amp;creative=19454&amp;creativeASIN=B005OL9RBI\">Aikido. Tsuzuki Waza. Michael Winter und Sch\u00fcler. [2 DVDs]<\/a> oder den Buchh\u00e4ndler des Vertrauens vor Ort bestellen.<\/p>\n<p>Dojo-Bestellungen und Anfragen bitte an Maik Fiedermann \u2192 mail@aikidobuch.de<\/p>\n<p><a href=\"http:\/\/www.amazon.de\/gp\/product\/B005OL9RBI\/ref=as_li_ss_tl?ie=UTF8&amp;tag=maikfiedermaausw&amp;linkCode=as2&amp;camp=1638&amp;creative=19454&amp;creativeASIN=B005OL9RBI\"><br \/>\n<\/a><\/p>\n<p>&nbsp;<\/p>\n<p>For more information and orders please contact Maik Fiedermann \u2192 mail@aikidobuch.de<\/p>\n<p>For single orders please visit amazon.de <a href=\"http:\/\/www.amazon.de\/gp\/product\/B005OL9RBI\/ref=as_li_ss_tl?ie=UTF8&amp;tag=maikfiedermaausw&amp;linkCode=as2&amp;camp=1638&amp;creative=19454&amp;creativeASIN=B005OL9RBI\">Aikido.Tsuzuki Waza. Michael Winter und Sch\u00fcler. [2 DVDs]<\/a><img loading=\"lazy\" decoding=\"async\" style=\"border: medium none  ! important; margin: 0px ! important;\" src=\"http:\/\/www.assoc-amazon.de\/e\/ir?t=maikfiedermaausw&amp;l=as2&amp;o=3&amp;a=B005OL9RBI\" alt=\"\" width=\"1\" height=\"1\" border=\"0\" \/><\/p>\n<p><iframe loading=\"lazy\" style=\"width: 120px; height: 240px;\" src=\"http:\/\/rcm-de.amazon.de\/e\/cm?lt1=_blank&amp;bc1=000000&amp;IS2=1&amp;bg1=FFFFFF&amp;fc1=000000&amp;lc1=0000FF&amp;t=maikfiedermaausw&amp;o=3&amp;p=8&amp;l=as4&amp;m=amazon&amp;f=ifr&amp;ref=ss_til&amp;asins=B005OL9RBI\" frameborder=\"0\" marginwidth=\"0\" marginheight=\"0\" scrolling=\"no\" width=\"320\" height=\"240\"><\/iframe><\/p>\n","protected":false},"excerpt":{"rendered":"<p>Das DVD-Set ist \u00fcber das Barsortiment Libri f\u00fcr faktisch jede Buchhandlung besorgbar. Die Angabe der ISBN 0609132769382 erleichtert dem Buchh\u00e4ndler die Recherche \ud83d\ude09 Einzelne DVD-Sets bitte \u00fcber Amazon.de \u00a0Aikido. Tsuzuki Waza. Michael Winter und Sch\u00fcler. [2 DVDs] oder den Buchh\u00e4ndler &hellip; <a href=\"http:\/\/fiedermann.de\/wordpress\/dvd\/bezugsmoglichkeiten\/\">Weiterlesen <span class=\"meta-nav\">&rarr;<\/span><\/a><\/p>\n","protected":false},"author":755,"featured_media":0,"parent":0,"menu_order":0,"comment_status":"closed","ping_status":"open","template":"","meta":{"footnotes":""},"class_list":["post-30","page","type-page","status-publish","hentry"],"_links":{"self":[{"href":"http:\/\/fiedermann.de\/wordpress\/dvd\/wp-json\/wp\/v2\/pages\/30","targetHints":{"allow":["GET"]}}],"collection":[{"href":"http:\/\/fiedermann.de\/wordpress\/dvd\/wp-json\/wp\/v2\/pages"}],"about":[{"href":"http:\/\/fiedermann.de\/wordpress\/dvd\/wp-json\/wp\/v2\/types\/page"}],"author":[{"embeddable":true,"href":"http:\/\/fiedermann.de\/wordpress\/dvd\/wp-json\/wp\/v2\/users\/755"}],"replies":[{"embeddable":true,"href":"http:\/\/fiedermann.de\/wordpress\/dvd\/wp-json\/wp\/v2\/comments?post=30"}],"version-history":[{"count":4,"href":"http:\/\/fiedermann.de\/wordpress\/dvd\/wp-json\/wp\/v2\/pages\/30\/revisions"}],"predecessor-version":[{"id":65,"href":"http:\/\/fiedermann.de\/wordpress\/dvd\/wp-json\/wp\/v2\/pages\/30\/revisions\/65"}],"wp:attachment":[{"href":"http:\/\/fiedermann.de\/wordpress\/dvd\/wp-json\/wp\/v2\/media?parent=30"}],"curies":[{"name":"wp","href":"https:\/\/api.w.org\/{rel}","templated":true}]}}